{"id":1382,"date":"2018-11-10T10:19:45","date_gmt":"2018-11-10T09:19:45","guid":{"rendered":"http:\/\/valdiris.com\/?page_id=1382"},"modified":"2025-06-06T08:53:08","modified_gmt":"2025-06-06T06:53:08","slug":"respectful-viticulture","status":"publish","type":"page","link":"https:\/\/valdiris.com\/en\/estate\/respectful-viticulture\/","title":{"rendered":"A respectful viticulture"},"content":{"rendered":"\t\t<div data-elementor-type=\"wp-post\" data-elementor-id=\"1382\" class=\"elementor elementor-1382\">\n\t\t\t\t\t\t\t\t\t<section class=\"elementor-section elementor-top-section elementor-element elementor-element-c3b325f elementor-section-boxed elementor-section-height-default elementor-section-height-default\" data-id=\"c3b325f\" data-element_type=\"section\">\n\t\t\t\t\t\t<div class=\"elementor-container elementor-column-gap-default\">\n\t\t\t\t\t<div class=\"elementor-column elementor-col-100 elementor-top-column elementor-element elementor-element-ebb2f4d\" data-id=\"ebb2f4d\" data-element_type=\"column\">\n\t\t\t<div class=\"elementor-widget-wrap elementor-element-populated\">\n\t\t\t\t\t\t\t\t<div class=\"elementor-element elementor-element-293966a elementor-widget elementor-widget-text-editor\" data-id=\"293966a\" data-element_type=\"widget\" data-widget_type=\"text-editor.default\">\n\t\t\t\t<div class=\"elementor-widget-container\">\n\t\t\t\t\t\t\t<p>Anne Silberzahn is a qualified vet. She keeps from her first profession the taste for nature and the things of the living, which she applies in the conduct of her vines and in her work at the cellar.<\/p><p>Today the vineyard consists of 8.5 hectares of a single tenant, on well exposed hillsides. A soil at the same time very stony and clayey brings to the vines the necessary\u00a0<span style=\"font-size: inherit;\">warmth for the perfect maturation of the grapes, as well as sufficient water reserves to support the long dry summers of the Mediterranean fringe.<\/span><\/p><ul><li>All interventions are reasoned to limit the impact on the environment, on man and on wine.<\/li><li>Each practice is registered for total transparency towards the consumer: it is traceability.<\/li><\/ul>\t\t\t\t\t\t<\/div>\n\t\t\t\t<\/div>\n\t\t\t\t<div class=\"elementor-element elementor-element-87d3feb elementor-widget elementor-widget-image\" data-id=\"87d3feb\" data-element_type=\"widget\" data-widget_type=\"image.default\">\n\t\t\t\t<div class=\"elementor-widget-container\">\n\t\t\t\t\t\t\t\t\t\t\t\t<figure class=\"wp-caption\">\n\t\t\t\t\t\t\t\t\t\t<img decoding=\"async\" src=\"https:\/\/valdiris.com\/en\/wp-content\/uploads\/sites\/4\/2025\/06\/Huppe-fasciee-4-3.jpg\" title=\"Huppe-fasci\u00e9e-4-3\" alt=\"This Eurasian hoopoe (Upupa epops) nests in front of the Val d'Iris - Photographed by \u00a9Vincent Dor\" loading=\"lazy\" \/>\t\t\t\t\t\t\t\t\t\t\t<figcaption class=\"widget-image-caption wp-caption-text\">This Eurasian hoopoe (Upupa epops) nests in front of the Val d'Iris - Photographed by \u00a9Vincent Dor<\/figcaption>\n\t\t\t\t\t\t\t\t\t\t<\/figure>\n\t\t\t\t\t\t\t\t\t<\/div>\n\t\t\t\t<\/div>\n\t\t\t\t<div class=\"elementor-element elementor-element-f002906 vdi-masque elementor-widget elementor-widget-text-editor\" data-id=\"f002906\" data-element_type=\"widget\" data-widget_type=\"text-editor.default\">\n\t\t\t\t<div class=\"elementor-widget-container\">\n\t\t\t\t\t\t\t<p style=\"font-size: 14px;\">Elle a adopt\u00e9 la charte &#8220;Terra Vitis&#8221; qui pour elle repr\u00e9sente le mieux une d\u00e9marche moderne de respect de l&#8217;environnement et de garantie de la qualit\u00e9.<\/p><p style=\"font-size: 14px;\">Cette exigence dans la d\u00e9marche Terra Vitis permet une reconnaissance par le Minist\u00e8re de l&#8217;Agriculture depuis 1998 et une certification HVE (Haute Valeur Environnementale) depuis 2012.<\/p>\t\t\t\t\t\t<\/div>\n\t\t\t\t<\/div>\n\t\t\t\t<section class=\"elementor-section elementor-inner-section elementor-element elementor-element-01d9497 vdi-masque elementor-section-boxed elementor-section-height-default elementor-section-height-default\" data-id=\"01d9497\" data-element_type=\"section\">\n\t\t\t\t\t\t<div class=\"elementor-container elementor-column-gap-default\">\n\t\t\t\t\t<div class=\"elementor-column elementor-col-33 elementor-inner-column elementor-element elementor-element-7291f91\" data-id=\"7291f91\" data-element_type=\"column\">\n\t\t\t<div class=\"elementor-widget-wrap\">\n\t\t\t\t\t\t\t\t\t<\/div>\n\t\t<\/div>\n\t\t\t\t<div class=\"elementor-column elementor-col-33 elementor-inner-column elementor-element elementor-element-83f228a\" data-id=\"83f228a\" data-element_type=\"column\">\n\t\t\t<div class=\"elementor-widget-wrap elementor-element-populated\">\n\t\t\t\t\t\t\t\t<div class=\"elementor-element elementor-element-439a9fc elementor-position-top elementor-widget elementor-widget-image-box\" data-id=\"439a9fc\" data-element_type=\"widget\" data-widget_type=\"image-box.default\">\n\t\t\t\t<div class=\"elementor-widget-container\">\n\t\t\t<div class=\"elementor-image-box-wrapper\"><figure class=\"elementor-image-box-img\"><a href=\"http:\/\/www.terravitis.com\/\" target=\"_blank\" tabindex=\"-1\"><img fetchpriority=\"high\" decoding=\"async\" width=\"815\" height=\"815\" src=\"https:\/\/valdiris.com\/en\/wp-content\/uploads\/sites\/4\/2018\/11\/domaine-viticulture-terravitis.jpg\" class=\"attachment-full size-full wp-image-1387\" alt=\"\" srcset=\"https:\/\/valdiris.com\/en\/wp-content\/uploads\/sites\/4\/2018\/11\/domaine-viticulture-terravitis.jpg 815w, https:\/\/valdiris.com\/en\/wp-content\/uploads\/sites\/4\/2018\/11\/domaine-viticulture-terravitis-150x150.jpg 150w, https:\/\/valdiris.com\/en\/wp-content\/uploads\/sites\/4\/2018\/11\/domaine-viticulture-terravitis-300x300.jpg 300w, https:\/\/valdiris.com\/en\/wp-content\/uploads\/sites\/4\/2018\/11\/domaine-viticulture-terravitis-768x768.jpg 768w, https:\/\/valdiris.com\/en\/wp-content\/uploads\/sites\/4\/2018\/11\/domaine-viticulture-terravitis-450x450.jpg 450w, https:\/\/valdiris.com\/en\/wp-content\/uploads\/sites\/4\/2018\/11\/domaine-viticulture-terravitis-600x600.jpg 600w, https:\/\/valdiris.com\/en\/wp-content\/uploads\/sites\/4\/2018\/11\/domaine-viticulture-terravitis-160x160.jpg 160w\" sizes=\"(max-width: 815px) 100vw, 815px\" \/><\/a><\/figure><div class=\"elementor-image-box-content\"><p class=\"elementor-image-box-description\">En savoir plus sur Terra Vitis<\/p><\/div><\/div>\t\t<\/div>\n\t\t\t\t<\/div>\n\t\t\t\t\t<\/div>\n\t\t<\/div>\n\t\t\t\t<div class=\"elementor-column elementor-col-33 elementor-inner-column elementor-element elementor-element-7cb4bb3\" data-id=\"7cb4bb3\" data-element_type=\"column\">\n\t\t\t<div class=\"elementor-widget-wrap\">\n\t\t\t\t\t\t\t\t\t<\/div>\n\t\t<\/div>\n\t\t\t\t\t\t\t<\/div>\n\t\t<\/section>\n\t\t\t\t\t<\/div>\n\t\t<\/div>\n\t\t\t\t\t\t\t<\/div>\n\t\t<\/section>\n\t\t\t\t<section class=\"elementor-section elementor-top-section elementor-element elementor-element-99a6055 elementor-section-boxed elementor-section-height-default elementor-section-height-default\" data-id=\"99a6055\" data-element_type=\"section\">\n\t\t\t\t\t\t<div class=\"elementor-container elementor-column-gap-default\">\n\t\t\t\t\t<div class=\"elementor-column elementor-col-100 elementor-top-column elementor-element elementor-element-d78930c\" data-id=\"d78930c\" data-element_type=\"column\">\n\t\t\t<div class=\"elementor-widget-wrap elementor-element-populated\">\n\t\t\t\t\t\t\t\t<div class=\"elementor-element elementor-element-d511e73 elementor-pagination-position-outside elementor-widget elementor-widget-image-carousel\" data-id=\"d511e73\" data-element_type=\"widget\" data-settings=\"{&quot;slides_to_show&quot;:&quot;1&quot;,&quot;navigation&quot;:&quot;dots&quot;,&quot;autoplay_speed&quot;:3000,&quot;speed&quot;:1000,&quot;autoplay&quot;:&quot;yes&quot;,&quot;pause_on_hover&quot;:&quot;yes&quot;,&quot;pause_on_interaction&quot;:&quot;yes&quot;,&quot;infinite&quot;:&quot;yes&quot;,&quot;effect&quot;:&quot;slide&quot;}\" data-widget_type=\"image-carousel.default\">\n\t\t\t\t<div class=\"elementor-widget-container\">\n\t\t\t\t\t<div class=\"elementor-image-carousel-wrapper swiper-container\" dir=\"ltr\">\n\t\t\t<div class=\"elementor-image-carousel swiper-wrapper swiper-image-stretch\" aria-live=\"off\">\n\t\t\t\t\t\t\t\t<div class=\"swiper-slide\" role=\"group\" aria-roledescription=\"slide\" aria-label=\"1 of 6\"><figure class=\"swiper-slide-inner\"><img decoding=\"async\" class=\"swiper-slide-image\" src=\"https:\/\/valdiris.com\/en\/wp-content\/uploads\/sites\/4\/2018\/11\/domaine-viticulture-diapo1.jpg\" alt=\"domaine-viticulture-diapo1\" \/><\/figure><\/div><div class=\"swiper-slide\" role=\"group\" aria-roledescription=\"slide\" aria-label=\"2 of 6\"><figure class=\"swiper-slide-inner\"><img decoding=\"async\" class=\"swiper-slide-image\" src=\"https:\/\/valdiris.com\/en\/wp-content\/uploads\/sites\/4\/2018\/11\/domaine-viticulture-diapo2-1024x576.jpg\" alt=\"domaine-viticulture-diapo2\" \/><\/figure><\/div><div class=\"swiper-slide\" role=\"group\" aria-roledescription=\"slide\" aria-label=\"3 of 6\"><figure class=\"swiper-slide-inner\"><img decoding=\"async\" class=\"swiper-slide-image\" src=\"https:\/\/valdiris.com\/en\/wp-content\/uploads\/sites\/4\/2018\/11\/domaine-viticulture-diapo3.jpg\" alt=\"domaine-viticulture-diapo3\" \/><\/figure><\/div><div class=\"swiper-slide\" role=\"group\" aria-roledescription=\"slide\" aria-label=\"4 of 6\"><figure class=\"swiper-slide-inner\"><img decoding=\"async\" class=\"swiper-slide-image\" src=\"https:\/\/valdiris.com\/en\/wp-content\/uploads\/sites\/4\/2018\/11\/domaine-viticulture-diapo4.jpg\" alt=\"domaine-viticulture-diapo4\" \/><\/figure><\/div><div class=\"swiper-slide\" role=\"group\" aria-roledescription=\"slide\" aria-label=\"5 of 6\"><figure class=\"swiper-slide-inner\"><img decoding=\"async\" class=\"swiper-slide-image\" src=\"https:\/\/valdiris.com\/en\/wp-content\/uploads\/sites\/4\/2018\/11\/domaine-viticulture-diapo5.jpg\" alt=\"domaine-viticulture-diapo5\" \/><\/figure><\/div><div class=\"swiper-slide\" role=\"group\" aria-roledescription=\"slide\" aria-label=\"6 of 6\"><figure class=\"swiper-slide-inner\"><img decoding=\"async\" class=\"swiper-slide-image\" src=\"https:\/\/valdiris.com\/en\/wp-content\/uploads\/sites\/4\/2018\/11\/domaine-viticulture-diapo6.jpg\" alt=\"domaine-viticulture-diapo6\" \/><\/figure><\/div>\t\t\t<\/div>\n\t\t\t\t\t\t\t\n\t\t\t\t\t\t\t\t\t<div class=\"swiper-pagination\"><\/div>\n\t\t\t\t\t\t\t\t\t<\/div>\n\t\t\t\t<\/div>\n\t\t\t\t<\/div>\n\t\t\t\t\t<\/div>\n\t\t<\/div>\n\t\t\t\t\t\t\t<\/div>\n\t\t<\/section>\n\t\t\t\t\t\t\t<\/div>\n\t\t","protected":false},"excerpt":{"rendered":"<p>Anne Silberzahn is a qualified vet. She keeps from her first profession the taste for nature and the things of the living, which she applies in the conduct of her vines and in her work at the cellar. Today the vineyard consists of 8.5 hectares of a single tenant, on [&hellip;]<\/p>\n","protected":false},"author":2,"featured_media":1004,"parent":1003,"menu_order":4,"comment_status":"closed","ping_status":"closed","template":"","meta":{"footnotes":""},"yoast_head":"<!-- This site is optimized with the Yoast SEO plugin v21.8 - https:\/\/yoast.com\/wordpress\/plugins\/seo\/ -->\n<title>A respectful viticulture - Val d&#039;Iris<\/title>\n<meta name=\"robots\" content=\"index, follow, max-snippet:-1, max-image-preview:large, max-video-preview:-1\" \/>\n<link rel=\"canonical\" href=\"https:\/\/valdiris.com\/en\/estate\/respectful-viticulture\/\" \/>\n<meta property=\"og:locale\" content=\"en_US\" \/>\n<meta property=\"og:type\" content=\"article\" \/>\n<meta property=\"og:title\" content=\"A respectful viticulture - Val d&#039;Iris\" \/>\n<meta property=\"og:description\" content=\"Anne Silberzahn is a qualified vet. She keeps from her first profession the taste for nature and the things of the living, which she applies in the conduct of her vines and in her work at the cellar. Today the vineyard consists of 8.5 hectares of a single tenant, on [&hellip;]\" \/>\n<meta property=\"og:url\" content=\"https:\/\/valdiris.com\/en\/estate\/respectful-viticulture\/\" \/>\n<meta property=\"og:site_name\" content=\"Val d&#039;Iris (en)\" \/>\n<meta property=\"article:publisher\" content=\"https:\/\/www.facebook.com\/DomaineValdIris\/\" \/>\n<meta property=\"article:modified_time\" content=\"2025-06-06T06:53:08+00:00\" \/>\n<meta property=\"og:image\" content=\"https:\/\/valdiris.com\/en\/wp-content\/uploads\/sites\/4\/2018\/11\/domaine.jpg\" \/>\n\t<meta property=\"og:image:width\" content=\"800\" \/>\n\t<meta property=\"og:image:height\" content=\"450\" \/>\n\t<meta property=\"og:image:type\" content=\"image\/jpeg\" \/>\n<meta name=\"twitter:card\" content=\"summary_large_image\" \/>\n<meta name=\"twitter:label1\" content=\"Est. reading time\" \/>\n\t<meta name=\"twitter:data1\" content=\"3 minutes\" \/>\n<script type=\"application\/ld+json\" class=\"yoast-schema-graph\">{\"@context\":\"https:\/\/schema.org\",\"@graph\":[{\"@type\":\"WebPage\",\"@id\":\"https:\/\/valdiris.com\/en\/estate\/respectful-viticulture\/\",\"url\":\"https:\/\/valdiris.com\/en\/estate\/respectful-viticulture\/\",\"name\":\"A respectful viticulture - Val d'Iris\",\"isPartOf\":{\"@id\":\"https:\/\/valdiris.com\/en\/#website\"},\"datePublished\":\"2018-11-10T09:19:45+00:00\",\"dateModified\":\"2025-06-06T06:53:08+00:00\",\"breadcrumb\":{\"@id\":\"https:\/\/valdiris.com\/en\/estate\/respectful-viticulture\/#breadcrumb\"},\"inLanguage\":\"en-US\",\"potentialAction\":[{\"@type\":\"ReadAction\",\"target\":[\"https:\/\/valdiris.com\/en\/estate\/respectful-viticulture\/\"]}]},{\"@type\":\"BreadcrumbList\",\"@id\":\"https:\/\/valdiris.com\/en\/estate\/respectful-viticulture\/#breadcrumb\",\"itemListElement\":[{\"@type\":\"ListItem\",\"position\":1,\"name\":\"Accueil\",\"item\":\"https:\/\/valdiris.com\/en\/\"},{\"@type\":\"ListItem\",\"position\":2,\"name\":\"The Estate\",\"item\":\"https:\/\/valdiris.com\/en\/estate\/\"},{\"@type\":\"ListItem\",\"position\":3,\"name\":\"A respectful viticulture\"}]},{\"@type\":\"WebSite\",\"@id\":\"https:\/\/valdiris.com\/en\/#website\",\"url\":\"https:\/\/valdiris.com\/en\/\",\"name\":\"Val d'Iris (en)\",\"description\":\"A vineyard in Seillans, Provence\",\"publisher\":{\"@id\":\"https:\/\/valdiris.com\/en\/#organization\"},\"potentialAction\":[{\"@type\":\"SearchAction\",\"target\":{\"@type\":\"EntryPoint\",\"urlTemplate\":\"https:\/\/valdiris.com\/en\/?s={search_term_string}\"},\"query-input\":\"required name=search_term_string\"}],\"inLanguage\":\"en-US\"},{\"@type\":\"Organization\",\"@id\":\"https:\/\/valdiris.com\/en\/#organization\",\"name\":\"Val d'Iris (en)\",\"url\":\"https:\/\/valdiris.com\/en\/\",\"logo\":{\"@type\":\"ImageObject\",\"inLanguage\":\"en-US\",\"@id\":\"https:\/\/valdiris.com\/en\/#\/schema\/logo\/image\/\",\"url\":\"https:\/\/valdiris.com\/en\/wp-content\/uploads\/sites\/4\/2018\/11\/vdi-logo.png\",\"contentUrl\":\"https:\/\/valdiris.com\/en\/wp-content\/uploads\/sites\/4\/2018\/11\/vdi-logo.png\",\"width\":128,\"height\":128,\"caption\":\"Val d'Iris (en)\"},\"image\":{\"@id\":\"https:\/\/valdiris.com\/en\/#\/schema\/logo\/image\/\"},\"sameAs\":[\"https:\/\/www.facebook.com\/DomaineValdIris\/\",\"https:\/\/www.instagram.com\/val_d_iris\/\"]}]}<\/script>\n<!-- \/ Yoast SEO plugin. -->","yoast_head_json":{"title":"A respectful viticulture - Val d'Iris","robots":{"index":"index","follow":"follow","max-snippet":"max-snippet:-1","max-image-preview":"max-image-preview:large","max-video-preview":"max-video-preview:-1"},"canonical":"https:\/\/valdiris.com\/en\/estate\/respectful-viticulture\/","og_locale":"en_US","og_type":"article","og_title":"A respectful viticulture - Val d'Iris","og_description":"Anne Silberzahn is a qualified vet. She keeps from her first profession the taste for nature and the things of the living, which she applies in the conduct of her vines and in her work at the cellar. Today the vineyard consists of 8.5 hectares of a single tenant, on [&hellip;]","og_url":"https:\/\/valdiris.com\/en\/estate\/respectful-viticulture\/","og_site_name":"Val d&#039;Iris (en)","article_publisher":"https:\/\/www.facebook.com\/DomaineValdIris\/","article_modified_time":"2025-06-06T06:53:08+00:00","og_image":[{"width":800,"height":450,"url":"https:\/\/valdiris.com\/en\/wp-content\/uploads\/sites\/4\/2018\/11\/domaine.jpg","type":"image\/jpeg"}],"twitter_card":"summary_large_image","twitter_misc":{"Est. reading time":"3 minutes"},"schema":{"@context":"https:\/\/schema.org","@graph":[{"@type":"WebPage","@id":"https:\/\/valdiris.com\/en\/estate\/respectful-viticulture\/","url":"https:\/\/valdiris.com\/en\/estate\/respectful-viticulture\/","name":"A respectful viticulture - Val d'Iris","isPartOf":{"@id":"https:\/\/valdiris.com\/en\/#website"},"datePublished":"2018-11-10T09:19:45+00:00","dateModified":"2025-06-06T06:53:08+00:00","breadcrumb":{"@id":"https:\/\/valdiris.com\/en\/estate\/respectful-viticulture\/#breadcrumb"},"inLanguage":"en-US","potentialAction":[{"@type":"ReadAction","target":["https:\/\/valdiris.com\/en\/estate\/respectful-viticulture\/"]}]},{"@type":"BreadcrumbList","@id":"https:\/\/valdiris.com\/en\/estate\/respectful-viticulture\/#breadcrumb","itemListElement":[{"@type":"ListItem","position":1,"name":"Accueil","item":"https:\/\/valdiris.com\/en\/"},{"@type":"ListItem","position":2,"name":"The Estate","item":"https:\/\/valdiris.com\/en\/estate\/"},{"@type":"ListItem","position":3,"name":"A respectful viticulture"}]},{"@type":"WebSite","@id":"https:\/\/valdiris.com\/en\/#website","url":"https:\/\/valdiris.com\/en\/","name":"Val d'Iris (en)","description":"A vineyard in Seillans, Provence","publisher":{"@id":"https:\/\/valdiris.com\/en\/#organization"},"potentialAction":[{"@type":"SearchAction","target":{"@type":"EntryPoint","urlTemplate":"https:\/\/valdiris.com\/en\/?s={search_term_string}"},"query-input":"required name=search_term_string"}],"inLanguage":"en-US"},{"@type":"Organization","@id":"https:\/\/valdiris.com\/en\/#organization","name":"Val d'Iris (en)","url":"https:\/\/valdiris.com\/en\/","logo":{"@type":"ImageObject","inLanguage":"en-US","@id":"https:\/\/valdiris.com\/en\/#\/schema\/logo\/image\/","url":"https:\/\/valdiris.com\/en\/wp-content\/uploads\/sites\/4\/2018\/11\/vdi-logo.png","contentUrl":"https:\/\/valdiris.com\/en\/wp-content\/uploads\/sites\/4\/2018\/11\/vdi-logo.png","width":128,"height":128,"caption":"Val d'Iris (en)"},"image":{"@id":"https:\/\/valdiris.com\/en\/#\/schema\/logo\/image\/"},"sameAs":["https:\/\/www.facebook.com\/DomaineValdIris\/","https:\/\/www.instagram.com\/val_d_iris\/"]}]}},"_links":{"self":[{"href":"https:\/\/valdiris.com\/en\/wp-json\/wp\/v2\/pages\/1382"}],"collection":[{"href":"https:\/\/valdiris.com\/en\/wp-json\/wp\/v2\/pages"}],"about":[{"href":"https:\/\/valdiris.com\/en\/wp-json\/wp\/v2\/types\/page"}],"author":[{"embeddable":true,"href":"https:\/\/valdiris.com\/en\/wp-json\/wp\/v2\/users\/2"}],"replies":[{"embeddable":true,"href":"https:\/\/valdiris.com\/en\/wp-json\/wp\/v2\/comments?post=1382"}],"version-history":[{"count":23,"href":"https:\/\/valdiris.com\/en\/wp-json\/wp\/v2\/pages\/1382\/revisions"}],"predecessor-version":[{"id":2284,"href":"https:\/\/valdiris.com\/en\/wp-json\/wp\/v2\/pages\/1382\/revisions\/2284"}],"up":[{"embeddable":true,"href":"https:\/\/valdiris.com\/en\/wp-json\/wp\/v2\/pages\/1003"}],"wp:featuredmedia":[{"embeddable":true,"href":"https:\/\/valdiris.com\/en\/wp-json\/wp\/v2\/media\/1004"}],"wp:attachment":[{"href":"https:\/\/valdiris.com\/en\/wp-json\/wp\/v2\/media?parent=1382"}],"curies":[{"name":"wp","href":"https:\/\/api.w.org\/{rel}","templated":true}]}}