{"id":1140,"date":"2018-11-07T16:43:31","date_gmt":"2018-11-07T15:43:31","guid":{"rendered":"http:\/\/valdiris.com\/hestia-front\/"},"modified":"2025-11-17T15:09:19","modified_gmt":"2025-11-17T14:09:19","slug":"provence-wine-estate-seillans-fayence","status":"publish","type":"page","link":"https:\/\/valdiris.com\/en\/","title":{"rendered":"Home"},"content":{"rendered":"\t\t<div data-elementor-type=\"wp-post\" data-elementor-id=\"1140\" class=\"elementor elementor-1140\">\n\t\t\t\t\t\t\t\t\t<section class=\"elementor-section elementor-top-section elementor-element elementor-element-7a2e8c30 elementor-section-boxed elementor-section-height-default elementor-section-height-default\" data-id=\"7a2e8c30\" data-element_type=\"section\">\n\t\t\t\t\t\t<div class=\"elementor-container elementor-column-gap-default\">\n\t\t\t\t\t<div class=\"elementor-column elementor-col-66 elementor-top-column elementor-element elementor-element-31245a31\" data-id=\"31245a31\" data-element_type=\"column\">\n\t\t\t<div class=\"elementor-widget-wrap elementor-element-populated\">\n\t\t\t\t\t\t\t\t<div class=\"elementor-element elementor-element-4ae8f7e elementor-widget elementor-widget-heading\" data-id=\"4ae8f7e\" data-element_type=\"widget\" data-widget_type=\"heading.default\">\n\t\t\t\t<div class=\"elementor-widget-container\">\n\t\t\t<h2 class=\"elementor-heading-title elementor-size-default\">Discover our vineyard in Provence, nestled in Seillans in the Var, one of the perched villages of the Pays de Fayence<\/h2>\t\t<\/div>\n\t\t\t\t<\/div>\n\t\t\t\t<div class=\"elementor-element elementor-element-41b5ca49 elementor-widget elementor-widget-text-editor\" data-id=\"41b5ca49\" data-element_type=\"widget\" data-widget_type=\"text-editor.default\">\n\t\t\t\t<div class=\"elementor-widget-container\">\n\t\t\t\t\t\t\t<p>In this pretty little valley, Val d&#8217;Iris,<br>Anne Silberzahn produces typical wines of C\u00f4tes de Provence,<br>enhanced by the terroir and the sun.<br><span style=\"font-size: inherit;\">Wines of full light and beautiful structure.<\/span><\/p>\n<p>Le\u202fVal\u202fd\u2019Iris offers exceptional AOP C\u00f4tes de Provence red, ros\u00e9, and white wines.<span style=\"font-size: inherit;\"><\/span><\/p>\n<p>\u201cI like solid reds, delicate ros\u00e9s<br>a<i>nd round, powerful whites.<br>I wait for you to taste them<\/i>.\u201d<\/p>\n<p>Anne<\/p>\t\t\t\t\t\t<\/div>\n\t\t\t\t<\/div>\n\t\t\t\t\t<\/div>\n\t\t<\/div>\n\t\t\t\t<div class=\"elementor-column elementor-col-33 elementor-top-column elementor-element elementor-element-1b9a99f\" data-id=\"1b9a99f\" data-element_type=\"column\">\n\t\t\t<div class=\"elementor-widget-wrap elementor-element-populated\">\n\t\t\t\t\t\t\t\t<div class=\"elementor-element elementor-element-f43e17c elementor-widget elementor-widget-shortcode\" data-id=\"f43e17c\" data-element_type=\"widget\" data-widget_type=\"shortcode.default\">\n\t\t\t\t<div class=\"elementor-widget-container\">\n\t\t\t\t\t<div class=\"elementor-shortcode\"><div class=\"wprev-slider\" id=\"wprev-slider-1\"><ul><style>#wprev-slider-1 .wprev_preview_bradius_T1 {border-radius: 5px;}#wprev-slider-1 .wprev_preview_bg1_T1 {background:;}#wprev-slider-1 .wprev_preview_bg2_T1 {background:;}#wprev-slider-1 .wprev_preview_tcolor1_T1 {color:;}#wprev-slider-1 .wprev_preview_tcolor2_T1 {color:;}#wprev-slider-1 .wprev_preview_bg1_T1::after{ border-top: 30px solid ; }<\/style><style>.wptripadvisor_t1_P_3.wprev_preview_tcolor1_T1 { font-size: 1em; color: #909090; } .wptripadvisor_t1_P_3.wprev_preview_tcolor1_T1 .wptripadvisor_star_imgs_T1 img{ width: 75px; height: 17px; }<\/style><li>\t\t<div class=\"wptripadvisor_t1_outer_div w3_wprs-row-padding\">\r\n\t\t\t\t<div class=\"wptripadvisor_t1_DIV_1 w3_wprs-col l12\">\r\n\t\t\t<div class=\"wptripadvisor_t1_DIV_2 wprev_preview_bg1_T1 wprev_preview_bradius_T1\">\r\n\t\t\t\t<p class=\"wptripadvisor_t1_P_3 wprev_preview_tcolor1_T1\">\r\n\t\t\t\t\t<span class=\"wptripadvisor_star_imgs_T1\"><img decoding=\"async\" src=\"https:\/\/valdiris.com\/en\/wp-content\/plugins\/wp-tripadvisor-review-slider\/public\/partials\/imgs\/tripadvisor_stars_5.png\" alt=\"star rating\" class=\"wptripadvisor_t1_star_img_file\">&nbsp;&nbsp;<\/span>Tr\u00e8s belle palette de c\u00e9pages et d&#39;assemblages.Mon pr\u00e9f\u00e9r\u00e9 le merlot bien sur. Des vignerons passionn\u00e9s et sans concession \u00e0 la facilit\u00e9.Bon rapport qualit\u00e9.\t\t\t\t<\/p>\r\n\t\t\t\t\t\t\t\t<a href=\"https:\/\/www.tripadvisor.fr\/Attraction_Review-g1220362-d13116900-Reviews-Domaine_Val_d_Iris-Seillans_French_Riviera_Cote_d_Azur_Provence_Alpes_Cote_d_Az.html\" target=\"_blank\" rel=\"nofollow\"><img decoding=\"async\" src=\"https:\/\/valdiris.com\/en\/wp-content\/plugins\/wp-tripadvisor-review-slider\/public\/partials\/imgs\/tripadvisor_outline.png\" alt=\"tripadvisor logo\" class=\"wptripadvisor_t1_tripadvisor_logo\"><\/a>\t\t\t<\/div><span class=\"wptripadvisor_t1_A_8\"><img decoding=\"async\" src=\"https:\/\/media-cdn.tripadvisor.com\/media\/photo-s\/01\/2e\/70\/75\/avatar057.jpg\" alt=\"avatar thumb\" class=\"wptripadvisor_t1_IMG_4\" loading=\"lazy\"\/><\/span> <span class=\"wptripadvisor_t1_SPAN_5 wprev_preview_tcolor2_T1\">JB393Montain<br\/><span class=\"wprev_showdate_T1\">17 April 2018<\/span> <\/span>\r\n\t\t<\/div>\r\n\t\t<\/div>\r\n<!-- This file should primarily consist of HTML with a little bit of PHP. -->\r\n<\/li><li style=\"display:none;\">\t\t<div class=\"wptripadvisor_t1_outer_div w3_wprs-row-padding\">\r\n\t\t\t\t<div class=\"wptripadvisor_t1_DIV_1 w3_wprs-col l12\">\r\n\t\t\t<div class=\"wptripadvisor_t1_DIV_2 wprev_preview_bg1_T1 wprev_preview_bradius_T1\">\r\n\t\t\t\t<p class=\"wptripadvisor_t1_P_3 wprev_preview_tcolor1_T1\">\r\n\t\t\t\t\t<span class=\"wptripadvisor_star_imgs_T1\"><img decoding=\"async\" src=\"https:\/\/valdiris.com\/en\/wp-content\/plugins\/wp-tripadvisor-review-slider\/public\/partials\/imgs\/tripadvisor_stars_5.png\" alt=\"star rating\" class=\"wptripadvisor_t1_star_img_file\">&nbsp;&nbsp;<\/span>Nous sommes arriv\u00e9e avec notre famille du Danemark pour gout\u00e9e les vins pour No\u00ebl.  Nous avons eu un accueil excellent, chaleureux et un conseil exceptionnel par Ludovic, tr\u00e8s professionnel<a class='wprs_rd_more'>... read more<\/a><span class='wprs_rd_more_text' style='display:none;'> accueil.  Le vins est sublime et pour un prix raisonnable.  A voir.<\/span>\t\t\t\t<\/p>\r\n\t\t\t\t\t\t\t\t<a href=\"https:\/\/www.tripadvisor.fr\/Attraction_Review-g1220362-d13116900-Reviews-Domaine_Val_d_Iris-Seillans_French_Riviera_Cote_d_Azur_Provence_Alpes_Cote_d_Az.html\" target=\"_blank\" rel=\"nofollow\"><img decoding=\"async\" src=\"https:\/\/valdiris.com\/en\/wp-content\/plugins\/wp-tripadvisor-review-slider\/public\/partials\/imgs\/tripadvisor_outline.png\" alt=\"tripadvisor logo\" class=\"wptripadvisor_t1_tripadvisor_logo\"><\/a>\t\t\t<\/div><span class=\"wptripadvisor_t1_A_8\"><img decoding=\"async\" src=\"https:\/\/media-cdn.tripadvisor.com\/media\/photo-l\/04\/43\/9f\/b5\/lene-m.jpg\" alt=\"avatar thumb\" class=\"wptripadvisor_t1_IMG_4\" loading=\"lazy\"\/><\/span> <span class=\"wptripadvisor_t1_SPAN_5 wprev_preview_tcolor2_T1\">Lene M<br\/><span class=\"wprev_showdate_T1\">8 January 2018<\/span> <\/span>\r\n\t\t<\/div>\r\n\t\t<\/div>\r\n<!-- This file should primarily consist of HTML with a little bit of PHP. -->\r\n<\/li><li style=\"display:none;\">\t\t<div class=\"wptripadvisor_t1_outer_div w3_wprs-row-padding\">\r\n\t\t\t\t<div class=\"wptripadvisor_t1_DIV_1 w3_wprs-col l12\">\r\n\t\t\t<div class=\"wptripadvisor_t1_DIV_2 wprev_preview_bg1_T1 wprev_preview_bradius_T1\">\r\n\t\t\t\t<p class=\"wptripadvisor_t1_P_3 wprev_preview_tcolor1_T1\">\r\n\t\t\t\t\t<span class=\"wptripadvisor_star_imgs_T1\"><img decoding=\"async\" src=\"https:\/\/valdiris.com\/en\/wp-content\/plugins\/wp-tripadvisor-review-slider\/public\/partials\/imgs\/tripadvisor_stars_5.png\" alt=\"star rating\" class=\"wptripadvisor_t1_star_img_file\">&nbsp;&nbsp;<\/span>Visite et d\u00e9gustation tr\u00e8s agr\u00e9able<br \/>\r\nRe\u00e7u par Ludovic le ma\u00eetre de chaie pour la visite du domaine avec des explications accessibles,  et par Thomas pour la d\u00e9gustation. Nous avons<a class='wprs_rd_more'>... read more<\/a><span class='wprs_rd_more_text' style='display:none;'> pass\u00e9 un chouette moment entre amis avec des enfants . le tout avec bonne humeur et sourire . <br \/>\r\nEt surtout avec de bonnes choses dans nos verres . <br \/>\r\nMerci beaucoup<\/span>\t\t\t\t<\/p>\r\n\t\t\t\t\t\t\t\t<a href=\"https:\/\/www.tripadvisor.fr\/Attraction_Review-g1220362-d13116900-Reviews-Domaine_Val_d_Iris-Seillans_French_Riviera_Cote_d_Azur_Provence_Alpes_Cote_d_Az.html\" target=\"_blank\" rel=\"nofollow\"><img decoding=\"async\" src=\"https:\/\/valdiris.com\/en\/wp-content\/plugins\/wp-tripadvisor-review-slider\/public\/partials\/imgs\/tripadvisor_outline.png\" alt=\"tripadvisor logo\" class=\"wptripadvisor_t1_tripadvisor_logo\"><\/a>\t\t\t<\/div><span class=\"wptripadvisor_t1_A_8\"><\/span> <span class=\"wptripadvisor_t1_SPAN_5 wprev_preview_tcolor2_T1\">celinepostel<br\/><span class=\"wprev_showdate_T1\">6 August 2022<\/span> <\/span>\r\n\t\t<\/div>\r\n\t\t<\/div>\r\n<!-- This file should primarily consist of HTML with a little bit of PHP. -->\r\n<\/li><li style=\"display:none;\">\t\t<div class=\"wptripadvisor_t1_outer_div w3_wprs-row-padding\">\r\n\t\t\t\t<div class=\"wptripadvisor_t1_DIV_1 w3_wprs-col l12\">\r\n\t\t\t<div class=\"wptripadvisor_t1_DIV_2 wprev_preview_bg1_T1 wprev_preview_bradius_T1\">\r\n\t\t\t\t<p class=\"wptripadvisor_t1_P_3 wprev_preview_tcolor1_T1\">\r\n\t\t\t\t\t<span class=\"wptripadvisor_star_imgs_T1\"><img decoding=\"async\" src=\"https:\/\/valdiris.com\/en\/wp-content\/plugins\/wp-tripadvisor-review-slider\/public\/partials\/imgs\/tripadvisor_stars_5.png\" alt=\"star rating\" class=\"wptripadvisor_t1_star_img_file\">&nbsp;&nbsp;<\/span>Nous avons pass\u00e9 quelques belles heures ici avec un groupe d&#39;amis. La passion, le savoir et la joie de Ludovic et de Tomas ont permis de vivre une exp\u00e9rience fantastique<a class='wprs_rd_more'>... read more<\/a><span class='wprs_rd_more_text' style='display:none;'> en apprenant le processus de fabrication et de d\u00e9gustation du vin. La d\u00e9gustation de vin...\u00e9tait magnifique! Plus<\/span>\t\t\t\t<\/p>\r\n\t\t\t\t\t\t\t\t<a href=\"https:\/\/www.tripadvisor.fr\/Attraction_Review-g1220362-d13116900-Reviews-Domaine_Val_d_Iris-Seillans_French_Riviera_Cote_d_Azur_Provence_Alpes_Cote_d_Az.html\" target=\"_blank\" rel=\"nofollow\"><img decoding=\"async\" src=\"https:\/\/valdiris.com\/en\/wp-content\/plugins\/wp-tripadvisor-review-slider\/public\/partials\/imgs\/tripadvisor_outline.png\" alt=\"tripadvisor logo\" class=\"wptripadvisor_t1_tripadvisor_logo\"><\/a>\t\t\t<\/div><span class=\"wptripadvisor_t1_A_8\"><img decoding=\"async\" src=\"https:\/\/media-cdn.tripadvisor.com\/media\/photo-l\/02\/c7\/57\/44\/msscentroespiralmana.jpg\" alt=\"avatar thumb\" class=\"wptripadvisor_t1_IMG_4\" loading=\"lazy\"\/><\/span> <span class=\"wptripadvisor_t1_SPAN_5 wprev_preview_tcolor2_T1\">MSSCentroEspiralMana<br\/><span class=\"wprev_showdate_T1\">15 August 2018<\/span> <\/span>\r\n\t\t<\/div>\r\n\t\t<\/div>\r\n<!-- This file should primarily consist of HTML with a little bit of PHP. -->\r\n<\/li><li style=\"display:none;\">\t\t<div class=\"wptripadvisor_t1_outer_div w3_wprs-row-padding\">\r\n\t\t\t\t<div class=\"wptripadvisor_t1_DIV_1 w3_wprs-col l12\">\r\n\t\t\t<div class=\"wptripadvisor_t1_DIV_2 wprev_preview_bg1_T1 wprev_preview_bradius_T1\">\r\n\t\t\t\t<p class=\"wptripadvisor_t1_P_3 wprev_preview_tcolor1_T1\">\r\n\t\t\t\t\t<span class=\"wptripadvisor_star_imgs_T1\"><img decoding=\"async\" src=\"https:\/\/valdiris.com\/en\/wp-content\/plugins\/wp-tripadvisor-review-slider\/public\/partials\/imgs\/tripadvisor_stars_5.png\" alt=\"star rating\" class=\"wptripadvisor_t1_star_img_file\">&nbsp;&nbsp;<\/span>Nous avons d\u00e9couvert le domaine en faisant une recherche sur TripAdvisor et nous ne pouvons que valider les commentaires : accueil amical, vins \u00e0 d\u00e9couvrir absolument (surtout les rouges qui<a class='wprs_rd_more'>... read more<\/a><span class='wprs_rd_more_text' style='display:none;'> sont extras pour la r\u00e9gion) et ambiance chaleureuse. Vous passerez un bon moment au frais et ne pourrez pas vous emp\u00eacher de repartir avec quelques bouteilles. \u00c7a change des grands domaines. Un peu de local ne peut que vous faire du bien \ud83d\ude0b\ud83d\udc4d\ud83c\udffb<\/span>\t\t\t\t<\/p>\r\n\t\t\t\t\t\t\t\t<a href=\"https:\/\/www.tripadvisor.fr\/Attraction_Review-g1220362-d13116900-Reviews-Domaine_Val_d_Iris-Seillans_French_Riviera_Cote_d_Azur_Provence_Alpes_Cote_d_Az.html\" target=\"_blank\" rel=\"nofollow\"><img decoding=\"async\" src=\"https:\/\/valdiris.com\/en\/wp-content\/plugins\/wp-tripadvisor-review-slider\/public\/partials\/imgs\/tripadvisor_outline.png\" alt=\"tripadvisor logo\" class=\"wptripadvisor_t1_tripadvisor_logo\"><\/a>\t\t\t<\/div><span class=\"wptripadvisor_t1_A_8\"><img decoding=\"async\" src=\"https:\/\/dynamic-media-cdn.tripadvisor.com\/media\/photo-o\/1a\/f6\/e2\/4a\/default-avatar-2020-42.jpg?w=100&amp;h=-1&amp;s=1\" alt=\"avatar thumb\" class=\"wptripadvisor_t1_IMG_4\" loading=\"lazy\"\/><\/span> <span class=\"wptripadvisor_t1_SPAN_5 wprev_preview_tcolor2_T1\">Brian D<br\/><span class=\"wprev_showdate_T1\">25 July 2019<\/span> <\/span>\r\n\t\t<\/div>\r\n\t\t<\/div>\r\n<!-- This file should primarily consist of HTML with a little bit of PHP. -->\r\n<\/li><\/ul><\/div>\r\n<\/div>\n\t\t\t\t<\/div>\n\t\t\t\t<\/div>\n\t\t\t\t\t<\/div>\n\t\t<\/div>\n\t\t\t\t\t\t\t<\/div>\n\t\t<\/section>\n\t\t\t\t<section class=\"elementor-section elementor-top-section elementor-element elementor-element-77dabae elementor-section-boxed elementor-section-height-default elementor-section-height-default\" data-id=\"77dabae\" data-element_type=\"section\">\n\t\t\t\t\t\t<div class=\"elementor-container elementor-column-gap-default\">\n\t\t\t\t\t<div class=\"elementor-column elementor-col-100 elementor-top-column elementor-element elementor-element-671c075\" data-id=\"671c075\" data-element_type=\"column\">\n\t\t\t<div class=\"elementor-widget-wrap elementor-element-populated\">\n\t\t\t\t\t\t\t\t<section class=\"elementor-section elementor-inner-section elementor-element elementor-element-84421bf elementor-section-boxed elementor-section-height-default elementor-section-height-default\" data-id=\"84421bf\" data-element_type=\"section\">\n\t\t\t\t\t\t<div class=\"elementor-container elementor-column-gap-default\">\n\t\t\t\t\t<div class=\"elementor-column elementor-col-33 elementor-inner-column elementor-element elementor-element-1196c70\" data-id=\"1196c70\" data-element_type=\"column\">\n\t\t\t<div class=\"elementor-widget-wrap elementor-element-populated\">\n\t\t\t\t\t\t\t\t<div class=\"elementor-element elementor-element-0bfa63d elementor-widget elementor-widget-image\" data-id=\"0bfa63d\" data-element_type=\"widget\" data-widget_type=\"image.default\">\n\t\t\t\t<div class=\"elementor-widget-container\">\n\t\t\t\t\t\t\t\t\t\t\t\t\t\t\t\t<a href=\"http:\/\/valdiris.com\/domaine\/contact\/\">\n\t\t\t\t\t\t\t<img decoding=\"async\" src=\"https:\/\/valdiris.com\/en\/wp-content\/uploads\/sites\/4\/elementor\/thumbs\/accueil-map-qicbjd411j98b4ltpomqo7em9q0l2v2px8ciqq9ck0.jpg\" title=\"accueil-map\" alt=\"accueil-map\" class=\"elementor-animation-grow\" loading=\"lazy\" \/>\t\t\t\t\t\t\t\t<\/a>\n\t\t\t\t\t\t\t\t\t\t\t\t\t\t\t<\/div>\n\t\t\t\t<\/div>\n\t\t\t\t<div class=\"elementor-element elementor-element-bd90b3c elementor-widget elementor-widget-heading\" data-id=\"bd90b3c\" data-element_type=\"widget\" data-widget_type=\"heading.default\">\n\t\t\t\t<div class=\"elementor-widget-container\">\n\t\t\t<h3 class=\"elementor-heading-title elementor-size-default\"><a href=\"http:\/\/valdiris.com\/en\/estate\/contact\/\">Find us<\/a><\/h3>\t\t<\/div>\n\t\t\t\t<\/div>\n\t\t\t\t\t<\/div>\n\t\t<\/div>\n\t\t\t\t<div class=\"elementor-column elementor-col-33 elementor-inner-column elementor-element elementor-element-cfb2e52\" data-id=\"cfb2e52\" data-element_type=\"column\">\n\t\t\t<div class=\"elementor-widget-wrap elementor-element-populated\">\n\t\t\t\t\t\t\t\t<div class=\"elementor-element elementor-element-a00830f elementor-widget elementor-widget-image\" data-id=\"a00830f\" data-element_type=\"widget\" data-widget_type=\"image.default\">\n\t\t\t\t<div class=\"elementor-widget-container\">\n\t\t\t\t\t\t\t\t\t\t\t\t\t\t\t\t<a href=\"http:\/\/valdiris.com\/vins\/\">\n\t\t\t\t\t\t\t<img decoding=\"async\" src=\"https:\/\/valdiris.com\/en\/wp-content\/uploads\/sites\/4\/elementor\/thumbs\/accueil-vins-qicbjd411j98b4ltpomqo7em9q0l2v2px8ciqq9ck0.jpg\" title=\"accueil-vins\" alt=\"accueil-vins\" class=\"elementor-animation-grow\" loading=\"lazy\" \/>\t\t\t\t\t\t\t\t<\/a>\n\t\t\t\t\t\t\t\t\t\t\t\t\t\t\t<\/div>\n\t\t\t\t<\/div>\n\t\t\t\t<div class=\"elementor-element elementor-element-278cf65 elementor-widget elementor-widget-heading\" data-id=\"278cf65\" data-element_type=\"widget\" data-widget_type=\"heading.default\">\n\t\t\t\t<div class=\"elementor-widget-container\">\n\t\t\t<h3 class=\"elementor-heading-title elementor-size-default\"><a href=\"http:\/\/valdiris.com\/en\/wines\/\">Our wines<\/a><\/h3>\t\t<\/div>\n\t\t\t\t<\/div>\n\t\t\t\t\t<\/div>\n\t\t<\/div>\n\t\t\t\t<div class=\"elementor-column elementor-col-33 elementor-inner-column elementor-element elementor-element-1191c5a\" data-id=\"1191c5a\" data-element_type=\"column\">\n\t\t\t<div class=\"elementor-widget-wrap elementor-element-populated\">\n\t\t\t\t\t\t\t\t<div class=\"elementor-element elementor-element-03409d1 elementor-widget elementor-widget-image\" data-id=\"03409d1\" data-element_type=\"widget\" data-widget_type=\"image.default\">\n\t\t\t\t<div class=\"elementor-widget-container\">\n\t\t\t\t\t\t\t\t\t\t\t\t\t\t\t\t<a href=\"http:\/\/valdiris.com\/domaine\/contact\/\">\n\t\t\t\t\t\t\t<img decoding=\"async\" src=\"https:\/\/valdiris.com\/en\/wp-content\/uploads\/sites\/4\/elementor\/thumbs\/accueil-contact-qicbjd411j98b4ltpomqo7em9q0l2v2px8ciqq9ck0.jpg\" title=\"accueil-contact\" alt=\"accueil-contact\" class=\"elementor-animation-grow\" loading=\"lazy\" \/>\t\t\t\t\t\t\t\t<\/a>\n\t\t\t\t\t\t\t\t\t\t\t\t\t\t\t<\/div>\n\t\t\t\t<\/div>\n\t\t\t\t<div class=\"elementor-element elementor-element-1883e37 elementor-widget elementor-widget-heading\" data-id=\"1883e37\" data-element_type=\"widget\" data-widget_type=\"heading.default\">\n\t\t\t\t<div class=\"elementor-widget-container\">\n\t\t\t<h3 class=\"elementor-heading-title elementor-size-default\"><a href=\"http:\/\/valdiris.com\/en\/estate\/contact\/\">Contact us<\/a><\/h3>\t\t<\/div>\n\t\t\t\t<\/div>\n\t\t\t\t\t<\/div>\n\t\t<\/div>\n\t\t\t\t\t\t\t<\/div>\n\t\t<\/section>\n\t\t\t\t\t<\/div>\n\t\t<\/div>\n\t\t\t\t\t\t\t<\/div>\n\t\t<\/section>\n\t\t\t\t\t\t\t<\/div>\n\t\t","protected":false},"excerpt":{"rendered":"<p>Discover our vineyard in Provence, nestled in Seillans in the Var, one of the perched villages of the Pays de Fayence In this pretty little valley, Val d&#8217;Iris,Anne Silberzahn produces typical wines of C\u00f4tes de Provence,enhanced by the terroir and the sun.Wines of full light and beautiful structure. Le\u202fVal\u202fd\u2019Iris offers [&hellip;]<\/p>\n","protected":false},"author":1,"featured_media":0,"parent":0,"menu_order":0,"comment_status":"closed","ping_status":"closed","template":"","meta":{"footnotes":""},"yoast_head":"<!-- This site is optimized with the Yoast SEO plugin v21.8 - https:\/\/yoast.com\/wordpress\/plugins\/seo\/ -->\n<title>C\u00f4tes de Provence vineyard in Seillans - Fayence Home - Val d&#039;Iris<\/title>\n<meta name=\"description\" content=\"Discover Le Val d\u2019Iris, a boutique vineyard in Seillans, Provence, offering exceptional AOP C\u00f4tes de Provence red, ros\u00e9, and white wines\" \/>\n<meta name=\"robots\" content=\"index, follow, max-snippet:-1, max-image-preview:large, max-video-preview:-1\" \/>\n<link rel=\"canonical\" href=\"https:\/\/valdiris.com\/en\/\" \/>\n<meta property=\"og:locale\" content=\"en_US\" \/>\n<meta property=\"og:type\" content=\"article\" \/>\n<meta property=\"og:title\" content=\"C\u00f4tes de Provence vineyard in Seillans - Fayence Home - Val d&#039;Iris\" \/>\n<meta property=\"og:description\" content=\"Discover Le Val d\u2019Iris, a boutique vineyard in Seillans, Provence, offering exceptional AOP C\u00f4tes de Provence red, ros\u00e9, and white wines\" \/>\n<meta property=\"og:url\" content=\"https:\/\/valdiris.com\/en\/\" \/>\n<meta property=\"og:site_name\" content=\"Val d&#039;Iris (en)\" \/>\n<meta property=\"article:publisher\" content=\"https:\/\/www.facebook.com\/DomaineValdIris\/\" \/>\n<meta property=\"article:modified_time\" content=\"2025-11-17T14:09:19+00:00\" \/>\n<meta property=\"og:image\" content=\"https:\/\/valdiris.com\/en\/wp-content\/uploads\/sites\/4\/elementor\/thumbs\/accueil-map-qicbjd411j98b4ltpomqo7em9q0l2v2px8ciqq9ck0.jpg\" \/>\n<meta name=\"twitter:card\" content=\"summary_large_image\" \/>\n<meta name=\"twitter:label1\" content=\"Est. reading time\" \/>\n\t<meta name=\"twitter:data1\" content=\"2 minutes\" \/>\n<script type=\"application\/ld+json\" class=\"yoast-schema-graph\">{\"@context\":\"https:\/\/schema.org\",\"@graph\":[{\"@type\":\"WebPage\",\"@id\":\"https:\/\/valdiris.com\/en\/\",\"url\":\"https:\/\/valdiris.com\/en\/\",\"name\":\"C\u00f4tes de Provence vineyard in Seillans - Fayence Home - Val d'Iris\",\"isPartOf\":{\"@id\":\"https:\/\/valdiris.com\/en\/#website\"},\"datePublished\":\"2018-11-07T15:43:31+00:00\",\"dateModified\":\"2025-11-17T14:09:19+00:00\",\"description\":\"Discover Le Val d\u2019Iris, a boutique vineyard in Seillans, Provence, offering exceptional AOP C\u00f4tes de Provence red, ros\u00e9, and white wines\",\"breadcrumb\":{\"@id\":\"https:\/\/valdiris.com\/en\/#breadcrumb\"},\"inLanguage\":\"en-US\",\"potentialAction\":[{\"@type\":\"ReadAction\",\"target\":[\"https:\/\/valdiris.com\/en\/\"]}]},{\"@type\":\"BreadcrumbList\",\"@id\":\"https:\/\/valdiris.com\/en\/#breadcrumb\",\"itemListElement\":[{\"@type\":\"ListItem\",\"position\":1,\"name\":\"Accueil\",\"item\":\"https:\/\/valdiris.com\/en\/\"},{\"@type\":\"ListItem\",\"position\":2,\"name\":\"Home\"}]},{\"@type\":\"WebSite\",\"@id\":\"https:\/\/valdiris.com\/en\/#website\",\"url\":\"https:\/\/valdiris.com\/en\/\",\"name\":\"Val d'Iris (en)\",\"description\":\"A vineyard in Seillans, Provence\",\"publisher\":{\"@id\":\"https:\/\/valdiris.com\/en\/#organization\"},\"potentialAction\":[{\"@type\":\"SearchAction\",\"target\":{\"@type\":\"EntryPoint\",\"urlTemplate\":\"https:\/\/valdiris.com\/en\/?s={search_term_string}\"},\"query-input\":\"required name=search_term_string\"}],\"inLanguage\":\"en-US\"},{\"@type\":\"Organization\",\"@id\":\"https:\/\/valdiris.com\/en\/#organization\",\"name\":\"Val d'Iris (en)\",\"url\":\"https:\/\/valdiris.com\/en\/\",\"logo\":{\"@type\":\"ImageObject\",\"inLanguage\":\"en-US\",\"@id\":\"https:\/\/valdiris.com\/en\/#\/schema\/logo\/image\/\",\"url\":\"https:\/\/valdiris.com\/en\/wp-content\/uploads\/sites\/4\/2018\/11\/vdi-logo.png\",\"contentUrl\":\"https:\/\/valdiris.com\/en\/wp-content\/uploads\/sites\/4\/2018\/11\/vdi-logo.png\",\"width\":128,\"height\":128,\"caption\":\"Val d'Iris (en)\"},\"image\":{\"@id\":\"https:\/\/valdiris.com\/en\/#\/schema\/logo\/image\/\"},\"sameAs\":[\"https:\/\/www.facebook.com\/DomaineValdIris\/\",\"https:\/\/www.instagram.com\/val_d_iris\/\"]}]}<\/script>\n<!-- \/ Yoast SEO plugin. -->","yoast_head_json":{"title":"C\u00f4tes de Provence vineyard in Seillans - Fayence Home - Val d'Iris","description":"Discover Le Val d\u2019Iris, a boutique vineyard in Seillans, Provence, offering exceptional AOP C\u00f4tes de Provence red, ros\u00e9, and white wines","robots":{"index":"index","follow":"follow","max-snippet":"max-snippet:-1","max-image-preview":"max-image-preview:large","max-video-preview":"max-video-preview:-1"},"canonical":"https:\/\/valdiris.com\/en\/","og_locale":"en_US","og_type":"article","og_title":"C\u00f4tes de Provence vineyard in Seillans - Fayence Home - Val d'Iris","og_description":"Discover Le Val d\u2019Iris, a boutique vineyard in Seillans, Provence, offering exceptional AOP C\u00f4tes de Provence red, ros\u00e9, and white wines","og_url":"https:\/\/valdiris.com\/en\/","og_site_name":"Val d&#039;Iris (en)","article_publisher":"https:\/\/www.facebook.com\/DomaineValdIris\/","article_modified_time":"2025-11-17T14:09:19+00:00","og_image":[{"url":"https:\/\/valdiris.com\/en\/wp-content\/uploads\/sites\/4\/elementor\/thumbs\/accueil-map-qicbjd411j98b4ltpomqo7em9q0l2v2px8ciqq9ck0.jpg"}],"twitter_card":"summary_large_image","twitter_misc":{"Est. reading time":"2 minutes"},"schema":{"@context":"https:\/\/schema.org","@graph":[{"@type":"WebPage","@id":"https:\/\/valdiris.com\/en\/","url":"https:\/\/valdiris.com\/en\/","name":"C\u00f4tes de Provence vineyard in Seillans - Fayence Home - Val d'Iris","isPartOf":{"@id":"https:\/\/valdiris.com\/en\/#website"},"datePublished":"2018-11-07T15:43:31+00:00","dateModified":"2025-11-17T14:09:19+00:00","description":"Discover Le Val d\u2019Iris, a boutique vineyard in Seillans, Provence, offering exceptional AOP C\u00f4tes de Provence red, ros\u00e9, and white wines","breadcrumb":{"@id":"https:\/\/valdiris.com\/en\/#breadcrumb"},"inLanguage":"en-US","potentialAction":[{"@type":"ReadAction","target":["https:\/\/valdiris.com\/en\/"]}]},{"@type":"BreadcrumbList","@id":"https:\/\/valdiris.com\/en\/#breadcrumb","itemListElement":[{"@type":"ListItem","position":1,"name":"Accueil","item":"https:\/\/valdiris.com\/en\/"},{"@type":"ListItem","position":2,"name":"Home"}]},{"@type":"WebSite","@id":"https:\/\/valdiris.com\/en\/#website","url":"https:\/\/valdiris.com\/en\/","name":"Val d'Iris (en)","description":"A vineyard in Seillans, Provence","publisher":{"@id":"https:\/\/valdiris.com\/en\/#organization"},"potentialAction":[{"@type":"SearchAction","target":{"@type":"EntryPoint","urlTemplate":"https:\/\/valdiris.com\/en\/?s={search_term_string}"},"query-input":"required name=search_term_string"}],"inLanguage":"en-US"},{"@type":"Organization","@id":"https:\/\/valdiris.com\/en\/#organization","name":"Val d'Iris (en)","url":"https:\/\/valdiris.com\/en\/","logo":{"@type":"ImageObject","inLanguage":"en-US","@id":"https:\/\/valdiris.com\/en\/#\/schema\/logo\/image\/","url":"https:\/\/valdiris.com\/en\/wp-content\/uploads\/sites\/4\/2018\/11\/vdi-logo.png","contentUrl":"https:\/\/valdiris.com\/en\/wp-content\/uploads\/sites\/4\/2018\/11\/vdi-logo.png","width":128,"height":128,"caption":"Val d'Iris (en)"},"image":{"@id":"https:\/\/valdiris.com\/en\/#\/schema\/logo\/image\/"},"sameAs":["https:\/\/www.facebook.com\/DomaineValdIris\/","https:\/\/www.instagram.com\/val_d_iris\/"]}]}},"_links":{"self":[{"href":"https:\/\/valdiris.com\/en\/wp-json\/wp\/v2\/pages\/1140"}],"collection":[{"href":"https:\/\/valdiris.com\/en\/wp-json\/wp\/v2\/pages"}],"about":[{"href":"https:\/\/valdiris.com\/en\/wp-json\/wp\/v2\/types\/page"}],"author":[{"embeddable":true,"href":"https:\/\/valdiris.com\/en\/wp-json\/wp\/v2\/users\/1"}],"replies":[{"embeddable":true,"href":"https:\/\/valdiris.com\/en\/wp-json\/wp\/v2\/comments?post=1140"}],"version-history":[{"count":34,"href":"https:\/\/valdiris.com\/en\/wp-json\/wp\/v2\/pages\/1140\/revisions"}],"predecessor-version":[{"id":2295,"href":"https:\/\/valdiris.com\/en\/wp-json\/wp\/v2\/pages\/1140\/revisions\/2295"}],"wp:attachment":[{"href":"https:\/\/valdiris.com\/en\/wp-json\/wp\/v2\/media?parent=1140"}],"curies":[{"name":"wp","href":"https:\/\/api.w.org\/{rel}","templated":true}]}}